{"id":7,"date":"2017-09-10T20:53:29","date_gmt":"2017-09-10T20:53:29","guid":{"rendered":"https:\/\/www.hort-gartenschule.de\/inhalt\/?page_id=7"},"modified":"2026-04-16T19:31:10","modified_gmt":"2026-04-16T19:31:10","slug":"home","status":"publish","type":"page","link":"https:\/\/www.hort-gartenschule.de\/","title":{"rendered":"Willkommen beim Hort an der Gartenschule e.V."},"content":{"rendered":"<h1 style=\"text-align: center;\">Willkommen beim<br \/>\nHort an der Gartenschule e.V.<\/h1>\n<p>Zum Schuljahr 2026\/2027 wird der bundesweite Rechtsanspruch auf Ganztagsf\u00f6rderung zun\u00e4chst f\u00fcr die erste Klasse eingef\u00fchrt und in den Folgejahren schrittweise auf alle Grundschulkinder erweitert.<\/p>\n<p>Vor diesem Hintergrund<strong> stellt die Elterninitiative \u201eHort an der Gartenschule Karlsruhe\u201c ihr Betreuungsangebot zum Ende des Schuljahres 2025\/2026 ein<\/strong>.<\/p>\n<p>Wir danken allen Kindern, Eltern und Mitarbeitenden herzlich f\u00fcr die gemeinsame Zeit und das Vertrauen.<\/p>\n<p>Die Betreuung wird k\u00fcnftig im Rahmen des Schulkind-Bildungs- und Betreuungssystems (SKiBB) durch das Schul- und Sportamt der Stadt Karlsruhe organisiert.<\/p>\n<p>Weitere Informationen \u2013 auch zur Anmeldung \u2013 finden Sie hier:<br \/>\n<a href=\"https:\/\/www.karlsruhe.de\/themen\/ganztagsfoerderung\">https:\/\/www.karlsruhe.de\/themen\/ganztagsfoerderung<\/a><\/p>\n","protected":false},"excerpt":{"rendered":"<p>Willkommen beim Hort an der Gartenschule e.V. Zum Schuljahr 2026\/2027 wird der bundesweite Rechtsanspruch auf Ganztagsf\u00f6rderung zun\u00e4chst f\u00fcr die erste &hellip; <\/p>\n","protected":false},"author":2,"featured_media":0,"parent":0,"menu_order":0,"comment_status":"closed","ping_status":"closed","template":"","meta":[],"_links":{"self":[{"href":"https:\/\/www.hort-gartenschule.de\/index.php?rest_route=\/wp\/v2\/pages\/7"}],"collection":[{"href":"https:\/\/www.hort-gartenschule.de\/index.php?rest_route=\/wp\/v2\/pages"}],"about":[{"href":"https:\/\/www.hort-gartenschule.de\/index.php?rest_route=\/wp\/v2\/types\/page"}],"author":[{"embeddable":true,"href":"https:\/\/www.hort-gartenschule.de\/index.php?rest_route=\/wp\/v2\/users\/2"}],"replies":[{"embeddable":true,"href":"https:\/\/www.hort-gartenschule.de\/index.php?rest_route=%2Fwp%2Fv2%2Fcomments&post=7"}],"version-history":[{"count":19,"href":"https:\/\/www.hort-gartenschule.de\/index.php?rest_route=\/wp\/v2\/pages\/7\/revisions"}],"predecessor-version":[{"id":848,"href":"https:\/\/www.hort-gartenschule.de\/index.php?rest_route=\/wp\/v2\/pages\/7\/revisions\/848"}],"wp:attachment":[{"href":"https:\/\/www.hort-gartenschule.de\/index.php?rest_route=%2Fwp%2Fv2%2Fmedia&parent=7"}],"curies":[{"name":"wp","href":"https:\/\/api.w.org\/{rel}","templated":true}]}}