{"id":571,"date":"2024-09-08T19:46:32","date_gmt":"2024-09-08T19:46:32","guid":{"rendered":"https:\/\/www.hort-gartenschule.de\/?page_id=571"},"modified":"2024-09-09T05:35:06","modified_gmt":"2024-09-09T05:35:06","slug":"kosten","status":"publish","type":"page","link":"https:\/\/www.hort-gartenschule.de\/?page_id=571","title":{"rendered":"Kosten"},"content":{"rendered":"\n<p>Der Hort wird durch die Vereinsmitglieder finanziert und erh\u00e4lt zudem \u00f6ffentliche F\u00f6rdermittel und Spenden.<\/p>\n\n\n\n<p>Der monatliche Vereinsbeitrag ist gleichzeitig der Betreuungsbeitrag f\u00fcr ein Kind. Er betr\u00e4gt derzeit<\/p>\n\n\n\n<ul><li><strong>75,- \u20ac monatlich<\/strong> f\u00fcr die Betreuung von MO \u2013 DO und<\/li><li><strong>85,- \u20ac monatlich<\/strong> f\u00fcr die Betreuung von MO \u2013 FR <\/li><\/ul>\n\n\n\n<p>Der Betrag wird 12 mal j\u00e4hrlich per Lastschrift eingezogen. Bei Erf\u00fcllung bestimmter sozialer H\u00e4rtekriterien kann vom Mitglied bei der Stadt Karlsruhe ein Zuschuss zum Beitrag beantragt werden.<\/p>\n\n\n\n<p>Der Hort erweitert den Betreuungsrahmen von 14:00 Uhr bis 17:00 Uhr und <strong>setzt daher die Teilnahme an der erg\u00e4nzenden Betreuung voraus<\/strong>.<\/p>\n","protected":false},"excerpt":{"rendered":"<p>Der Hort wird durch die Vereinsmitglieder finanziert und erh\u00e4lt zudem \u00f6ffentliche F\u00f6rdermittel und Spenden. Der monatliche Vereinsbeitrag ist gleichzeitig der &hellip; <\/p>\n","protected":false},"author":2,"featured_media":0,"parent":0,"menu_order":0,"comment_status":"closed","ping_status":"closed","template":"","meta":[],"_links":{"self":[{"href":"https:\/\/www.hort-gartenschule.de\/index.php?rest_route=\/wp\/v2\/pages\/571"}],"collection":[{"href":"https:\/\/www.hort-gartenschule.de\/index.php?rest_route=\/wp\/v2\/pages"}],"about":[{"href":"https:\/\/www.hort-gartenschule.de\/index.php?rest_route=\/wp\/v2\/types\/page"}],"author":[{"embeddable":true,"href":"https:\/\/www.hort-gartenschule.de\/index.php?rest_route=\/wp\/v2\/users\/2"}],"replies":[{"embeddable":true,"href":"https:\/\/www.hort-gartenschule.de\/index.php?rest_route=%2Fwp%2Fv2%2Fcomments&post=571"}],"version-history":[{"count":4,"href":"https:\/\/www.hort-gartenschule.de\/index.php?rest_route=\/wp\/v2\/pages\/571\/revisions"}],"predecessor-version":[{"id":830,"href":"https:\/\/www.hort-gartenschule.de\/index.php?rest_route=\/wp\/v2\/pages\/571\/revisions\/830"}],"wp:attachment":[{"href":"https:\/\/www.hort-gartenschule.de\/index.php?rest_route=%2Fwp%2Fv2%2Fmedia&parent=571"}],"curies":[{"name":"wp","href":"https:\/\/api.w.org\/{rel}","templated":true}]}}